{"id":463,"date":"2019-11-19T07:06:57","date_gmt":"2019-11-19T06:06:57","guid":{"rendered":"http:\/\/www.pepiniere-carep.com\/?page_id=463"},"modified":"2025-06-12T15:14:29","modified_gmt":"2025-06-12T13:14:29","slug":"actualites","status":"publish","type":"page","link":"https:\/\/www.pepiniere-carep.com\/index.php\/actualites\/","title":{"rendered":"Actualit\u00e9s"},"content":{"rendered":"<p>[et_pb_section fb_built=\u00a0\u00bb1&Prime; fullwidth=\u00a0\u00bbon\u00a0\u00bb _builder_version=\u00a0\u00bb4.16&Prime; background_image=\u00a0\u00bbhttps:\/\/www.pepiniere-carep.com\/wp-content\/uploads\/2019\/12\/Site2.jpg\u00a0\u00bb min_height=\u00a0\u00bb510px\u00a0\u00bb custom_margin=\u00a0\u00bb||31px|||\u00a0\u00bb custom_padding=\u00a0\u00bb||328px|||\u00a0\u00bb global_colors_info=\u00a0\u00bb{}\u00a0\u00bb][et_pb_fullwidth_post_title title=\u00a0\u00bboff\u00a0\u00bb meta=\u00a0\u00bboff\u00a0\u00bb force_fullwidth=\u00a0\u00bboff\u00a0\u00bb _builder_version=\u00a0\u00bb4.16&Prime; title_font=\u00a0\u00bbJosefin Sans|700|||||||\u00a0\u00bb title_text_align=\u00a0\u00bbcenter\u00a0\u00bb title_text_color=\u00a0\u00bb#ffffff\u00a0\u00bb title_font_size=\u00a0\u00bb73px\u00a0\u00bb meta_font=\u00a0\u00bb|300|||||||\u00a0\u00bb meta_text_color=\u00a0\u00bb#ffffff\u00a0\u00bb meta_font_size=\u00a0\u00bb20px\u00a0\u00bb width=\u00a0\u00bb45%\u00a0\u00bb height=\u00a0\u00bb100px\u00a0\u00bb max_height=\u00a0\u00bb1000px\u00a0\u00bb custom_padding=\u00a0\u00bb|||236px||\u00a0\u00bb global_colors_info=\u00a0\u00bb{}\u00a0\u00bb][\/et_pb_fullwidth_post_title][et_pb_fullwidth_post_title meta=\u00a0\u00bboff\u00a0\u00bb force_fullwidth=\u00a0\u00bboff\u00a0\u00bb image_max_width=\u00a0\u00bb100%\u00a0\u00bb _builder_version=\u00a0\u00bb4.27.4&Prime; title_font=\u00a0\u00bbJosefin Sans||||||||\u00a0\u00bb title_text_align=\u00a0\u00bbcenter\u00a0\u00bb title_text_color=\u00a0\u00bb#ffffff\u00a0\u00bb title_font_size=\u00a0\u00bb6rem\u00a0\u00bb meta_font=\u00a0\u00bb|300|||||||\u00a0\u00bb meta_text_color=\u00a0\u00bb#ffffff\u00a0\u00bb meta_font_size=\u00a0\u00bb20px\u00a0\u00bb text_orientation=\u00a0\u00bbcenter\u00a0\u00bb width=\u00a0\u00bb100%\u00a0\u00bb height=\u00a0\u00bb100px\u00a0\u00bb max_height=\u00a0\u00bb1000px\u00a0\u00bb custom_margin=\u00a0\u00bb|41px|||false|false\u00a0\u00bb custom_padding=\u00a0\u00bb|0px||0px|false|false\u00a0\u00bb hover_enabled=\u00a0\u00bb0&Prime; global_colors_info=\u00a0\u00bb{}\u00a0\u00bb title_font_size_last_edited=\u00a0\u00bbon|phone\u00a0\u00bb title_font_size_phone=\u00a0\u00bb4.45rem\u00a0\u00bb sticky_enabled=\u00a0\u00bb0&Prime; title_font_size_tablet=\u00a0\u00bb6rem\u00a0\u00bb][\/et_pb_fullwidth_post_title][\/et_pb_section][et_pb_section fb_built=\u00a0\u00bb1&Prime; _builder_version=\u00a0\u00bb4.16&Prime; global_colors_info=\u00a0\u00bb{}\u00a0\u00bb][et_pb_row _builder_version=\u00a0\u00bb4.27.4&Prime; width=\u00a0\u00bb90%\u00a0\u00bb max_width=\u00a0\u00bb2560px\u00a0\u00bb min_height=\u00a0\u00bb375px\u00a0\u00bb height=\u00a0\u00bb328px\u00a0\u00bb link_option_url=\u00a0\u00bb%91custom-facebook-feed%93&Prime; global_colors_info=\u00a0\u00bb{}\u00a0\u00bb][et_pb_column type=\u00a0\u00bb4_4&Prime; _builder_version=\u00a0\u00bb4.16&Prime; global_colors_info=\u00a0\u00bb{}\u00a0\u00bb][et_pb_text _builder_version=\u00a0\u00bb4.16&Prime; global_colors_info=\u00a0\u00bb{}\u00a0\u00bb]<\/p>\n<h3>Mise \u00e0 jour Juillet 2020<\/h3>\n<p>[\/et_pb_text][et_pb_text _builder_version=\u00a0\u00bb4.27.4&Prime; _module_preset=\u00a0\u00bbdefault\u00a0\u00bb text_line_height=\u00a0\u00bb2em\u00a0\u00bb header_text_align=\u00a0\u00bbcenter\u00a0\u00bb header_font_size=\u00a0\u00bb37px\u00a0\u00bb header_5_text_align=\u00a0\u00bbleft\u00a0\u00bb header_5_font_size=\u00a0\u00bb14px\u00a0\u00bb module_alignment=\u00a0\u00bbcenter\u00a0\u00bb min_height=\u00a0\u00bb336px\u00a0\u00bb custom_margin=\u00a0\u00bb||125px|||\u00a0\u00bb custom_padding=\u00a0\u00bb12px|||11px|false|false\u00a0\u00bb custom_padding_tablet=\u00a0\u00bb|20px||20px|false|true\u00a0\u00bb custom_padding_phone=\u00a0\u00bb|20px||20px|false|true\u00a0\u00bb custom_padding_last_edited=\u00a0\u00bbon|tablet\u00a0\u00bb header_5_text_align_tablet=\u00a0\u00bbleft\u00a0\u00bb header_5_text_align_phone=\u00a0\u00bbleft\u00a0\u00bb header_5_text_align_last_edited=\u00a0\u00bbon|phone\u00a0\u00bb header_5_line_height_tablet=\u00a0\u00bb\u00a0\u00bb header_5_line_height_phone=\u00a0\u00bb1.5em\u00a0\u00bb header_5_line_height_last_edited=\u00a0\u00bbon|phone\u00a0\u00bb header_6_line_height_tablet=\u00a0\u00bb\u00a0\u00bb header_6_line_height_phone=\u00a0\u00bb1.4em\u00a0\u00bb header_6_line_height_last_edited=\u00a0\u00bbon|phone\u00a0\u00bb border_width_all=\u00a0\u00bb3px\u00a0\u00bb border_color_all=\u00a0\u00bb#0c71c3&Prime; global_colors_info=\u00a0\u00bb{}\u00a0\u00bb]<\/p>\n<h6 style=\"text-align: left;\"><img loading=\"lazy\" decoding=\"async\" src=\"https:\/\/www.pepiniere-carep.com\/wp-content\/uploads\/2020\/07\/Visio-169x300.jpg\" width=\"169\" height=\"300\" alt=\"\" class=\"wp-image-2963 alignleft size-medium\" \/><span style=\"font-size: 19px;\"><strong>Nouvel \u00e9quipement \u00e0 votre disposition sur CAREP 1 et CAREP 5.<\/strong><\/span><\/h6>\n<h5 style=\"text-align: left;\"><span style=\"font-size: 19px;\"><strong>Salles de r\u00e9union d\u00e9sormais \u00e9quip\u00e9es de mat\u00e9riel de Visio Conf\u00e9rences<\/strong>.<\/span><\/h5>\n<p style=\"text-align: justify;\"><span style=\"font-size: 19px;\"><\/span><\/p>\n<h5 style=\"text-align: justify;\"><span style=\"font-size: 19px;\"><span style=\"font-size: small;\">Ecran 65&Prime; avec canon \u00e0 son et cam\u00e9ra qui s&rsquo;oriente automatiquement vers l&rsquo;orateur<\/span>.<\/span><\/h5>\n<p style=\"text-align: justify;\">Il est possible d&rsquo;utiliser n&rsquo;importe quelle plate forme de visio (zoom, Team, lifesize&#8230;)<br \/>Plus besoin de se connecter chacun avec son portable, plus de probl\u00e8me d&rsquo;\u00e9cho.<\/p>\n<p style=\"text-align: justify;\">V\u00e9rifier si vous utilisez un Apple les possibilit\u00e9 de connection filaire.<br \/>Possibilit\u00e9 de cr\u00e9er 2 groupes dans 2 salles pour une m\u00eame r\u00e9union pour mixer personnes pr\u00e9sentes et \u00e0 distance.<\/p>\n<p>&nbsp;<\/p>\n<p>[\/et_pb_text][et_pb_code _builder_version=\u00a0\u00bb4.16&Prime; custom_margin=\u00a0\u00bb-39px|||||\u00a0\u00bb global_colors_info=\u00a0\u00bb{}\u00a0\u00bb][\/et_pb_code][et_pb_code _builder_version=\u00a0\u00bb4.16&Prime; global_colors_info=\u00a0\u00bb{}\u00a0\u00bb][\/et_pb_code][\/et_pb_column][\/et_pb_row][et_pb_row _builder_version=\u00a0\u00bb4.27.4&Prime; width=\u00a0\u00bb90%\u00a0\u00bb max_width=\u00a0\u00bb2560px\u00a0\u00bb min_height=\u00a0\u00bb379px\u00a0\u00bb custom_padding=\u00a0\u00bb|0px||||\u00a0\u00bb global_colors_info=\u00a0\u00bb{}\u00a0\u00bb][et_pb_column type=\u00a0\u00bb4_4&Prime; _builder_version=\u00a0\u00bb4.16&Prime; global_colors_info=\u00a0\u00bb{}\u00a0\u00bb][et_pb_text _builder_version=\u00a0\u00bb4.27.4&Prime; header_text_align=\u00a0\u00bbjustify\u00a0\u00bb header_font_size=\u00a0\u00bb14px\u00a0\u00bb header_4_font_size=\u00a0\u00bb21px\u00a0\u00bb header_4_line_height=\u00a0\u00bb1.2em\u00a0\u00bb custom_margin=\u00a0\u00bb1px||34px||false|false\u00a0\u00bb custom_padding=\u00a0\u00bb|20px||20px|false|true\u00a0\u00bb link_option_url=\u00a0\u00bb%91custom-facebook-feed%93&Prime; border_width_all=\u00a0\u00bb3px\u00a0\u00bb border_color_all=\u00a0\u00bb#0c71c3&Prime; global_colors_info=\u00a0\u00bb{}\u00a0\u00bb]<\/p>\n<h4><span style=\"font-size: 19px;\"><strong><img loading=\"lazy\" decoding=\"async\" src=\"https:\/\/www.pepiniere-carep.com\/wp-content\/uploads\/2020\/07\/Imprimante-300x300.jpg\" width=\"168\" height=\"168\" alt=\"\" class=\"wp-image-2929 alignleft size-medium\" srcset=\"https:\/\/www.pepiniere-carep.com\/wp-content\/uploads\/2020\/07\/Imprimante-300x300.jpg 300w, https:\/\/www.pepiniere-carep.com\/wp-content\/uploads\/2020\/07\/Imprimante-150x150.jpg 150w, https:\/\/www.pepiniere-carep.com\/wp-content\/uploads\/2020\/07\/Imprimante.jpg 361w\" sizes=\"(max-width: 168px) 100vw, 168px\" \/><\/strong><\/span><\/h4>\n<h4 style=\"text-align: justify;\"><span style=\"font-size: 19px;\"><strong>Module d&rsquo;initiation impression .<\/strong><\/span><\/h4>\n<h4 style=\"text-align: justify;\"><span style=\"font-size: 19px;\"><strong>Bient\u00f4t dans votre p\u00e9pini\u00e8re du mat\u00e9riel d&rsquo;impression 3D avec des modules d&rsquo;initiation \u00e0 la\u00a0<\/strong><\/span><strong style=\"font-size: 19px;\">production additive.<\/strong><\/h4>\n<h4 style=\"text-align: justify;\"><span style=\"font-size: medium;\">Pas de pr\u00e9-requis particulier demand\u00e9 mais une utilisation r\u00e9guli\u00e8re de l&rsquo;informatique pour aborder <\/span><\/h4>\n<h4 style=\"text-align: justify;\"><span style=\"font-size: medium;\">les logiciels de mod\u00e9lisation&#8230;<\/span><\/h4>\n<h4 style=\"text-align: justify;\"><span style=\"font-size: medium;\">Rendez-vous donc deuxi\u00e8me quinzaine de septembre<\/span><\/h4>\n<p>[\/et_pb_text][\/et_pb_column][\/et_pb_row][et_pb_row _builder_version=\u00a0\u00bb4.16&Prime; module_alignment=\u00a0\u00bbcenter\u00a0\u00bb custom_margin=\u00a0\u00bb||25px||false|false\u00a0\u00bb global_colors_info=\u00a0\u00bb{}\u00a0\u00bb][et_pb_column type=\u00a0\u00bb4_4&Prime; _builder_version=\u00a0\u00bb4.16&Prime; global_colors_info=\u00a0\u00bb{}\u00a0\u00bb][et_pb_text _builder_version=\u00a0\u00bb4.16&Prime; global_colors_info=\u00a0\u00bb{}\u00a0\u00bb]<\/p>\n<h2 style=\"text-align:center!important;\"><strong>Retrouvez toutes nos actualit\u00e9s sur nos r\u00e9seaux sociaux<\/strong><\/h2>\n<p>[\/et_pb_text][\/et_pb_column][\/et_pb_row][et_pb_row column_structure=\u00a0\u00bb1_4,1_4,1_4,1_4&Prime; module_class=\u00a0\u00bbvertical-center\u00a0\u00bb _builder_version=\u00a0\u00bb4.27.4&Prime; width=\u00a0\u00bb90%\u00a0\u00bb max_width=\u00a0\u00bb2560px\u00a0\u00bb module_alignment=\u00a0\u00bbcenter\u00a0\u00bb custom_margin=\u00a0\u00bb|auto|30px|auto||\u00a0\u00bb global_colors_info=\u00a0\u00bb{}\u00a0\u00bb][et_pb_column type=\u00a0\u00bb1_4&Prime; _builder_version=\u00a0\u00bb4.27.4&Prime; _module_preset=\u00a0\u00bbdefault\u00a0\u00bb global_colors_info=\u00a0\u00bb{}\u00a0\u00bb][et_pb_text _builder_version=\u00a0\u00bb4.27.4&Prime; _module_preset=\u00a0\u00bbdefault\u00a0\u00bb custom_margin=\u00a0\u00bb||50px||false|false\u00a0\u00bb link_option_url=\u00a0\u00bbhttps:\/\/www.youtube.com\/channel\/UC42Yzbr2tXqycymkJTku3Dw\u00a0\u00bb link_option_url_new_window=\u00a0\u00bbon\u00a0\u00bb global_colors_info=\u00a0\u00bb{}\u00a0\u00bb]<\/p>\n<p style=\"text-align: center;\"><img loading=\"lazy\" decoding=\"async\" src=\"https:\/\/www.pepiniere-carep.com\/wp-content\/uploads\/2025\/06\/Youtube_logo-300x208.png\" width=\"170\" height=\"118\" alt=\"\" class=\"wp-image-3863 alignnone size-medium\" \/><\/p>\n<p>[\/et_pb_text][\/et_pb_column][et_pb_column type=\u00a0\u00bb1_4&Prime; _builder_version=\u00a0\u00bb4.27.4&Prime; _module_preset=\u00a0\u00bbdefault\u00a0\u00bb global_colors_info=\u00a0\u00bb{}\u00a0\u00bb][et_pb_text _builder_version=\u00a0\u00bb4.27.4&Prime; _module_preset=\u00a0\u00bbdefault\u00a0\u00bb custom_margin=\u00a0\u00bb||50px||false|false\u00a0\u00bb link_option_url=\u00a0\u00bbhttps:\/\/fr.linkedin.com\/company\/careppepiniere\u00a0\u00bb link_option_url_new_window=\u00a0\u00bbon\u00a0\u00bb global_colors_info=\u00a0\u00bb{}\u00a0\u00bb]<\/p>\n<p><img loading=\"lazy\" decoding=\"async\" src=\"https:\/\/www.pepiniere-carep.com\/wp-content\/uploads\/2021\/02\/Logo-LinkedIn-150-1.jpg\" width=\"118\" height=\"119\" alt=\"\" class=\"wp-image-3540 alignnone size-full\" style=\"display: block; margin-left: auto; margin-right: auto;\" \/>.<\/p>\n<p>[\/et_pb_text][\/et_pb_column][et_pb_column type=\u00a0\u00bb1_4&Prime; _builder_version=\u00a0\u00bb4.27.4&Prime; _module_preset=\u00a0\u00bbdefault\u00a0\u00bb global_colors_info=\u00a0\u00bb{}\u00a0\u00bb][et_pb_text _builder_version=\u00a0\u00bb4.27.4&Prime; _module_preset=\u00a0\u00bbdefault\u00a0\u00bb custom_margin=\u00a0\u00bb||50px||false|false\u00a0\u00bb link_option_url=\u00a0\u00bbhttps:\/\/www.facebook.com\/careppepiniere\u00a0\u00bb link_option_url_new_window=\u00a0\u00bbon\u00a0\u00bb global_colors_info=\u00a0\u00bb{}\u00a0\u00bb]<\/p>\n<p><img loading=\"lazy\" decoding=\"async\" src=\"https:\/\/www.pepiniere-carep.com\/wp-content\/uploads\/2021\/02\/Sans-titre-2-150x150-1.jpg\" width=\"119\" height=\"119\" alt=\"\" class=\"wp-image-3477 alignnone size-full\" style=\"display: block; margin-left: auto; margin-right: auto;\" \/><\/p>\n<p>[\/et_pb_text][\/et_pb_column][et_pb_column type=\u00a0\u00bb1_4&Prime; _builder_version=\u00a0\u00bb4.27.4&Prime; _module_preset=\u00a0\u00bbdefault\u00a0\u00bb global_colors_info=\u00a0\u00bb{}\u00a0\u00bb][et_pb_text _builder_version=\u00a0\u00bb4.27.4&Prime; _module_preset=\u00a0\u00bbdefault\u00a0\u00bb custom_margin=\u00a0\u00bb||50px||false|false\u00a0\u00bb link_option_url=\u00a0\u00bbhttps:\/\/x.com\/carep5&Prime; link_option_url_new_window=\u00a0\u00bbon\u00a0\u00bb global_colors_info=\u00a0\u00bb{}\u00a0\u00bb]<\/p>\n<p><img loading=\"lazy\" decoding=\"async\" src=\"https:\/\/www.pepiniere-carep.com\/wp-content\/uploads\/2025\/06\/Logo_of_Twitter.svg_-300x247.png\" width=\"154\" height=\"126\" alt=\"\" class=\"wp-image-3884 alignnone size-medium\" style=\"display: block; margin-left: auto; margin-right: auto;\" \/><\/p>\n<p>[\/et_pb_text][\/et_pb_column][\/et_pb_row][\/et_pb_section]<\/p>\n","protected":false},"excerpt":{"rendered":"<p>Mise \u00e0 jour Juillet 2020Nouvel \u00e9quipement \u00e0 votre disposition sur CAREP 1 et CAREP 5. Salles de r\u00e9union d\u00e9sormais \u00e9quip\u00e9es de mat\u00e9riel de Visio Conf\u00e9rences. Ecran 65&Prime; avec canon \u00e0 son et cam\u00e9ra qui s&rsquo;oriente automatiquement vers l&rsquo;orateur. Il est possible d&rsquo;utiliser n&rsquo;importe quelle plate forme de visio (zoom, Team, lifesize&#8230;)Plus besoin de se connecter [&hellip;]<\/p>\n","protected":false},"author":1,"featured_media":0,"parent":0,"menu_order":0,"comment_status":"closed","ping_status":"closed","template":"","meta":{"_et_pb_use_builder":"on","_et_pb_old_content":"","_et_gb_content_width":"","footnotes":""},"class_list":["post-463","page","type-page","status-publish","hentry"],"_links":{"self":[{"href":"https:\/\/www.pepiniere-carep.com\/index.php\/wp-json\/wp\/v2\/pages\/463","targetHints":{"allow":["GET"]}}],"collection":[{"href":"https:\/\/www.pepiniere-carep.com\/index.php\/wp-json\/wp\/v2\/pages"}],"about":[{"href":"https:\/\/www.pepiniere-carep.com\/index.php\/wp-json\/wp\/v2\/types\/page"}],"author":[{"embeddable":true,"href":"https:\/\/www.pepiniere-carep.com\/index.php\/wp-json\/wp\/v2\/users\/1"}],"replies":[{"embeddable":true,"href":"https:\/\/www.pepiniere-carep.com\/index.php\/wp-json\/wp\/v2\/comments?post=463"}],"version-history":[{"count":66,"href":"https:\/\/www.pepiniere-carep.com\/index.php\/wp-json\/wp\/v2\/pages\/463\/revisions"}],"predecessor-version":[{"id":3911,"href":"https:\/\/www.pepiniere-carep.com\/index.php\/wp-json\/wp\/v2\/pages\/463\/revisions\/3911"}],"wp:attachment":[{"href":"https:\/\/www.pepiniere-carep.com\/index.php\/wp-json\/wp\/v2\/media?parent=463"}],"curies":[{"name":"wp","href":"https:\/\/api.w.org\/{rel}","templated":true}]}}